{"id":7010,"date":"2025-10-08T19:36:06","date_gmt":"2025-10-08T19:36:06","guid":{"rendered":"https:\/\/nerddebigode.com.br\/?post_type=product&#038;p=7010"},"modified":"2025-10-20T22:58:00","modified_gmt":"2025-10-20T22:58:00","slug":"zok-copia","status":"publish","type":"product","link":"https:\/\/nerddebigode.com.br\/?product=zok-copia","title":{"rendered":"GLOOP GLEEP"},"content":{"rendered":"<p>PROJETO<\/p>\n<p><strong>GLOOP &amp; GLEEP &#8211; THE HERCULOIDS<\/strong><\/p>\n<p>&nbsp;<\/p>\n<p>TAMANHO<\/p>\n<p>ALTURA: 14 CM \/ 7CM<\/p>\n<p>LARGURA: 11 CM \/ 5,5 CM<\/p>\n<p>PROFUNDIDADE: 10 CM \/ 5,5 CM<\/p>\n<p>&nbsp;<\/p>\n<p>PRAZO DE PRODU\u00c7\u00c3O<br \/>\n<strong>7 dias \u00fateis<\/strong><\/p>\n\n    <div class=\"xs_social_share_widget xs_share_url after_content \t\tmain_content  wslu-style-1 wslu-share-box-shaped wslu-fill-colored wslu-none wslu-share-horizontal wslu-theme-font-no wslu-main_content\">\n\n\t\t\n        <ul>\n\t\t\t        <\/ul>\n    <\/div> \n","protected":false},"excerpt":{"rendered":"<p>Gleep e Gloop s\u00e3o duas criaturas protoplasm\u00e1ticas. S\u00e3o capazes de absorver e desviar rajadas de energia e raios laser, frequentemente se colocando entre os atacantes e outros Herculoids para atuar como escudos.<\/p>\n<p>Tamb\u00e9m podem criar formas, incluindo, mas n\u00e3o se limitando a: almofadas, trampolins ou paraquedas para amortecer quedas; esticar-se entre galhos de \u00e1rvores ou pedras para atuar como estilingues; envolver os membros de um atacante para cont\u00ea-lo, ou o corpo inteiro para apert\u00e1-lo e deix\u00e1-lo inconsciente.<\/p>\n<p>Gloop \u00e9 o maior dos dois.<\/p>\n","protected":false},"featured_media":7008,"comment_status":"open","ping_status":"closed","template":"","meta":[],"product_brand":[],"product_cat":[61],"product_tag":[],"class_list":{"0":"post-7010","1":"product","2":"type-product","3":"status-publish","4":"has-post-thumbnail","6":"product_cat-herculoides","8":"first","9":"onbackorder","10":"shipping-taxable","11":"purchasable","12":"product-type-simple"},"_links":{"self":[{"href":"https:\/\/nerddebigode.com.br\/index.php?rest_route=\/wp\/v2\/product\/7010","targetHints":{"allow":["GET"]}}],"collection":[{"href":"https:\/\/nerddebigode.com.br\/index.php?rest_route=\/wp\/v2\/product"}],"about":[{"href":"https:\/\/nerddebigode.com.br\/index.php?rest_route=\/wp\/v2\/types\/product"}],"replies":[{"embeddable":true,"href":"https:\/\/nerddebigode.com.br\/index.php?rest_route=%2Fwp%2Fv2%2Fcomments&post=7010"}],"wp:featuredmedia":[{"embeddable":true,"href":"https:\/\/nerddebigode.com.br\/index.php?rest_route=\/wp\/v2\/media\/7008"}],"wp:attachment":[{"href":"https:\/\/nerddebigode.com.br\/index.php?rest_route=%2Fwp%2Fv2%2Fmedia&parent=7010"}],"wp:term":[{"taxonomy":"product_brand","embeddable":true,"href":"https:\/\/nerddebigode.com.br\/index.php?rest_route=%2Fwp%2Fv2%2Fproduct_brand&post=7010"},{"taxonomy":"product_cat","embeddable":true,"href":"https:\/\/nerddebigode.com.br\/index.php?rest_route=%2Fwp%2Fv2%2Fproduct_cat&post=7010"},{"taxonomy":"product_tag","embeddable":true,"href":"https:\/\/nerddebigode.com.br\/index.php?rest_route=%2Fwp%2Fv2%2Fproduct_tag&post=7010"}],"curies":[{"name":"wp","href":"https:\/\/api.w.org\/{rel}","templated":true}]}}