{"id":6985,"date":"2025-10-04T23:59:54","date_gmt":"2025-10-04T23:59:54","guid":{"rendered":"https:\/\/nerddebigode.com.br\/?post_type=product&#038;p=6985"},"modified":"2025-10-15T01:53:16","modified_gmt":"2025-10-15T01:53:16","slug":"potro-filho-do-ventania","status":"publish","type":"product","link":"https:\/\/nerddebigode.com.br\/?product=potro-filho-do-ventania","title":{"rendered":"SWFIT&#8217;S BABY &#8211; FILHO DO VENTANIA"},"content":{"rendered":"<p>Tamanho:<\/p>\n<p>11,5 x 10 x 5 cm<\/p>\n<p>&nbsp;<\/p>\n<p>Articula\u00e7\u00f5es<\/p>\n<p>Cabe\u00e7a e Asas<\/p>\n<p>&nbsp;<\/p>\n<p>Acabamento<\/p>\n<p>produzido em PLA e Resina, pintado<\/p>\n\n    <div class=\"xs_social_share_widget xs_share_url after_content \t\tmain_content  wslu-style-1 wslu-share-box-shaped wslu-fill-colored wslu-none wslu-share-horizontal wslu-theme-font-no wslu-main_content\">\n\n\t\t\n        <ul>\n\t\t\t        <\/ul>\n    <\/div> \n","protected":false},"excerpt":{"rendered":"<p><span dir=\"auto\">O <\/span><b><span dir=\"auto\">Swfit&#8217;s Baby<\/span><\/b><span dir=\"auto\">\u00a0\u00e9 filho do Ventania e Star Wind<\/span><span dir=\"auto\">. <\/span><\/p>\n<p><span dir=\"auto\">Inicialmente, ele era um cavalo normal (porque Ventania n\u00e3o \u00e9 um unic\u00f3rnio nato, mas sim um unic\u00f3rnio m\u00e1gico transformado a partir do Esp\u00edrito<\/span><span dir=\"auto\">), mas conseguiu adquirir poderes de unic\u00f3rnio mais tarde, gra\u00e7as ao poder de Grayskull.<\/span><\/p>\n","protected":false},"featured_media":7059,"comment_status":"open","ping_status":"closed","template":"","meta":[],"product_brand":[],"product_cat":[17],"product_tag":[],"class_list":{"0":"post-6985","1":"product","2":"type-product","3":"status-publish","4":"has-post-thumbnail","6":"product_cat-she-ra","8":"first","9":"onbackorder","10":"shipping-taxable","11":"purchasable","12":"product-type-simple"},"_links":{"self":[{"href":"https:\/\/nerddebigode.com.br\/index.php?rest_route=\/wp\/v2\/product\/6985","targetHints":{"allow":["GET"]}}],"collection":[{"href":"https:\/\/nerddebigode.com.br\/index.php?rest_route=\/wp\/v2\/product"}],"about":[{"href":"https:\/\/nerddebigode.com.br\/index.php?rest_route=\/wp\/v2\/types\/product"}],"replies":[{"embeddable":true,"href":"https:\/\/nerddebigode.com.br\/index.php?rest_route=%2Fwp%2Fv2%2Fcomments&post=6985"}],"wp:featuredmedia":[{"embeddable":true,"href":"https:\/\/nerddebigode.com.br\/index.php?rest_route=\/wp\/v2\/media\/7059"}],"wp:attachment":[{"href":"https:\/\/nerddebigode.com.br\/index.php?rest_route=%2Fwp%2Fv2%2Fmedia&parent=6985"}],"wp:term":[{"taxonomy":"product_brand","embeddable":true,"href":"https:\/\/nerddebigode.com.br\/index.php?rest_route=%2Fwp%2Fv2%2Fproduct_brand&post=6985"},{"taxonomy":"product_cat","embeddable":true,"href":"https:\/\/nerddebigode.com.br\/index.php?rest_route=%2Fwp%2Fv2%2Fproduct_cat&post=6985"},{"taxonomy":"product_tag","embeddable":true,"href":"https:\/\/nerddebigode.com.br\/index.php?rest_route=%2Fwp%2Fv2%2Fproduct_tag&post=6985"}],"curies":[{"name":"wp","href":"https:\/\/api.w.org\/{rel}","templated":true}]}}