{"id":6945,"date":"2025-10-02T19:03:58","date_gmt":"2025-10-02T19:03:58","guid":{"rendered":"https:\/\/nerddebigode.com.br\/?post_type=product&#038;p=6945"},"modified":"2025-10-20T23:02:34","modified_gmt":"2025-10-20T23:02:34","slug":"felina-acessorios","status":"publish","type":"product","link":"https:\/\/nerddebigode.com.br\/?product=felina-acessorios","title":{"rendered":"FELINA &#8211; ACESS\u00d3RIOS"},"content":{"rendered":"<p>Kit de 3 acess\u00f3rios:<\/p>\n<p>ESPADA<\/p>\n<p>ESCUDO<\/p>\n<p>SHOWER (SIMULA\u00c7\u00c3O &#8211; N\u00c3O ESGUICHA \u00c1GUA)<\/p>\n<p>&nbsp;<\/p>\n<p>Produzido em Resina e Filamento<\/p>\n<p>Pintura &#8211; Verniz<\/p>\n<p>&nbsp;<\/p>\n<p>PRAZO DE ENTREGA<\/p>\n<p>5 DIAS \u00daTEIS<\/p>\n\n    <div class=\"xs_social_share_widget xs_share_url after_content \t\tmain_content  wslu-style-1 wslu-share-box-shaped wslu-fill-colored wslu-none wslu-share-horizontal wslu-theme-font-no wslu-main_content\">\n\n\t\t\n        <ul>\n\t\t\t        <\/ul>\n    <\/div> \n","protected":false},"excerpt":{"rendered":"<p><span dir=\"auto\">Felina (Catra) \u00e9 a arqui-inimiga de She-Ra em Et\u00e9ria, governando seu pr\u00f3prio reino na floresta escura<\/span><span dir=\"auto\">. Felina (Catra) buscava destruir She-Ra e reivindicar o poder <\/span><span dir=\"auto\">para si. <\/span><\/p>\n<p><span dir=\"auto\">Ela possui um escudo m\u00e1gico contra o mal, espada e um lan\u00e7ador, al\u00e9m do destaque de se transformar em uma pantera roxa.\u00a0<\/span><\/p>\n","protected":false},"featured_media":6946,"comment_status":"open","ping_status":"closed","template":"","meta":[],"product_brand":[],"product_cat":[17],"product_tag":[],"class_list":{"0":"post-6945","1":"product","2":"type-product","3":"status-publish","4":"has-post-thumbnail","6":"product_cat-she-ra","8":"first","9":"onbackorder","10":"shipping-taxable","11":"purchasable","12":"product-type-simple"},"_links":{"self":[{"href":"https:\/\/nerddebigode.com.br\/index.php?rest_route=\/wp\/v2\/product\/6945","targetHints":{"allow":["GET"]}}],"collection":[{"href":"https:\/\/nerddebigode.com.br\/index.php?rest_route=\/wp\/v2\/product"}],"about":[{"href":"https:\/\/nerddebigode.com.br\/index.php?rest_route=\/wp\/v2\/types\/product"}],"replies":[{"embeddable":true,"href":"https:\/\/nerddebigode.com.br\/index.php?rest_route=%2Fwp%2Fv2%2Fcomments&post=6945"}],"wp:featuredmedia":[{"embeddable":true,"href":"https:\/\/nerddebigode.com.br\/index.php?rest_route=\/wp\/v2\/media\/6946"}],"wp:attachment":[{"href":"https:\/\/nerddebigode.com.br\/index.php?rest_route=%2Fwp%2Fv2%2Fmedia&parent=6945"}],"wp:term":[{"taxonomy":"product_brand","embeddable":true,"href":"https:\/\/nerddebigode.com.br\/index.php?rest_route=%2Fwp%2Fv2%2Fproduct_brand&post=6945"},{"taxonomy":"product_cat","embeddable":true,"href":"https:\/\/nerddebigode.com.br\/index.php?rest_route=%2Fwp%2Fv2%2Fproduct_cat&post=6945"},{"taxonomy":"product_tag","embeddable":true,"href":"https:\/\/nerddebigode.com.br\/index.php?rest_route=%2Fwp%2Fv2%2Fproduct_tag&post=6945"}],"curies":[{"name":"wp","href":"https:\/\/api.w.org\/{rel}","templated":true}]}}