{"id":6880,"date":"2025-10-01T19:54:31","date_gmt":"2025-10-01T19:54:31","guid":{"rendered":"https:\/\/nerddebigode.com.br\/?post_type=product&#038;p=6880"},"modified":"2025-10-20T23:02:42","modified_gmt":"2025-10-20T23:02:42","slug":"estatua-touro-antigo-espirito-do-mal","status":"publish","type":"product","link":"https:\/\/nerddebigode.com.br\/?product=estatua-touro-antigo-espirito-do-mal","title":{"rendered":"EST\u00c1TUA TOURO &#8211; ANTIGO ESP\u00cdRITO DO MAL"},"content":{"rendered":"<p>Est\u00e1tua do Antigo Esp\u00edrito do Mal<\/p>\n<p><strong>TOURO<\/strong><\/p>\n<p>&nbsp;<\/p>\n<p>produzido em:<\/p>\n<p>PLA &#8211; impress\u00e3o<\/p>\n<p>&nbsp;<\/p>\n<p>acabamento:<\/p>\n<p>pintura areia mesclado<\/p>\n<p>&nbsp;<\/p>\n<p>prazo de entrega:<\/p>\n<p>8 (oito) dias \u00fateis<\/p>\n<p><strong>PRODU\u00c7\u00c3O SOB ENCOMENDA<\/strong><\/p>\n<p>&nbsp;<\/p>\n<p>detalhe:<\/p>\n<p>empunha espada que pode ser desconectada da pe\u00e7a<\/p>\n\n    <div class=\"xs_social_share_widget xs_share_url after_content \t\tmain_content  wslu-style-1 wslu-share-box-shaped wslu-fill-colored wslu-none wslu-share-horizontal wslu-theme-font-no wslu-main_content\">\n\n\t\t\n        <ul>\n\t\t\t        <\/ul>\n    <\/div> \n","protected":false},"excerpt":{"rendered":"<p><span dir=\"auto\">Os\u00a0<\/span><b><span dir=\"auto\">Antigos Esp\u00edritos do Mal<\/span><\/b><span dir=\"auto\"> s\u00e3o quatro fantasmas demon\u00edacos que n\u00e3o s\u00e3o apenas os mestres de Mumm-R\u00e1<\/span><span dir=\"auto\"> , mas tamb\u00e9m a verdadeira fonte de todos os seus poderes. Eles habitam quatro est\u00e1tuas de pedra gigantescas dispostas ao redor de um caldeir\u00e3o m\u00e1gico nas profundezas da Pir\u00e2mide Negra<\/span><span dir=\"auto\">. Quando essas est\u00e1tuas de pedra aparentemente inertes ganham vida, seus olhos brilham em vermelho e elas falam com uma voz estrondosa e estrondosa. Eles podem at\u00e9 mesmo dar vida \u00e0s est\u00e1tuas e atacar um intruso.<\/span><\/p>\n<p><span dir=\"auto\">Os quatro esp\u00edritos s\u00e3o os respons\u00e1veis \u200b\u200bpor transformar Mumm-Ra de seu fr\u00e1gil estado mumificado em sua poderosa forma eterna.<\/span><\/p>\n<p><span dir=\"auto\">Cada uma das quatro est\u00e1tuas \u00e9 retratada como uma forma humanoide de um animal diferente. S\u00e3o elas:<\/span><\/p>\n<ul>\n<li><b><span dir=\"auto\">Crocodilo<\/span><\/b><\/li>\n<li><b><span dir=\"auto\">Minotauro<\/span><\/b><span dir=\"auto\">\u00a0ou\u00a0<\/span><b><span dir=\"auto\">Boi<\/span><\/b><span dir=\"auto\">\u00a0ou\u00a0<\/span><b><span dir=\"auto\">Touro<\/span><\/b><\/li>\n<li><b><span dir=\"auto\">Javali<\/span><\/b><\/li>\n<li><b><span dir=\"auto\">Abutre<\/span><\/b><span dir=\"auto\">\u00a0&#8211; esta est\u00e1tua \u00e9 conhecida como &#8220;Rei Abutre&#8221; e \u00e9 a \u00fanica das quatro est\u00e1tuas a ser mencionada pelo nome na s\u00e9rie de desenhos animados.<\/span><\/li>\n<\/ul>\n<p>&nbsp;<\/p>\n","protected":false},"featured_media":7038,"comment_status":"open","ping_status":"closed","template":"","meta":[],"product_brand":[],"product_cat":[19],"product_tag":[],"class_list":{"0":"post-6880","1":"product","2":"type-product","3":"status-publish","4":"has-post-thumbnail","6":"product_cat-thundercats","8":"first","9":"onbackorder","10":"shipping-taxable","11":"purchasable","12":"product-type-simple"},"_links":{"self":[{"href":"https:\/\/nerddebigode.com.br\/index.php?rest_route=\/wp\/v2\/product\/6880","targetHints":{"allow":["GET"]}}],"collection":[{"href":"https:\/\/nerddebigode.com.br\/index.php?rest_route=\/wp\/v2\/product"}],"about":[{"href":"https:\/\/nerddebigode.com.br\/index.php?rest_route=\/wp\/v2\/types\/product"}],"replies":[{"embeddable":true,"href":"https:\/\/nerddebigode.com.br\/index.php?rest_route=%2Fwp%2Fv2%2Fcomments&post=6880"}],"wp:featuredmedia":[{"embeddable":true,"href":"https:\/\/nerddebigode.com.br\/index.php?rest_route=\/wp\/v2\/media\/7038"}],"wp:attachment":[{"href":"https:\/\/nerddebigode.com.br\/index.php?rest_route=%2Fwp%2Fv2%2Fmedia&parent=6880"}],"wp:term":[{"taxonomy":"product_brand","embeddable":true,"href":"https:\/\/nerddebigode.com.br\/index.php?rest_route=%2Fwp%2Fv2%2Fproduct_brand&post=6880"},{"taxonomy":"product_cat","embeddable":true,"href":"https:\/\/nerddebigode.com.br\/index.php?rest_route=%2Fwp%2Fv2%2Fproduct_cat&post=6880"},{"taxonomy":"product_tag","embeddable":true,"href":"https:\/\/nerddebigode.com.br\/index.php?rest_route=%2Fwp%2Fv2%2Fproduct_tag&post=6880"}],"curies":[{"name":"wp","href":"https:\/\/api.w.org\/{rel}","templated":true}]}}