{"id":6421,"date":"2025-06-24T22:49:17","date_gmt":"2025-06-24T22:49:17","guid":{"rendered":"https:\/\/nerddebigode.com.br\/?post_type=product&#038;p=6421"},"modified":"2026-04-29T15:51:12","modified_gmt":"2026-04-29T15:51:12","slug":"pingo-4-transformacoes","status":"publish","type":"product","link":"https:\/\/nerddebigode.com.br\/?product=pingo-4-transformacoes","title":{"rendered":"Pingo + 4 Transforma\u00e7\u00f5es"},"content":{"rendered":"<p>MODEL<\/p>\n<p><strong>Pingo (IMP)<\/strong><\/p>\n<p>&nbsp;<\/p>\n<p>ACOMPANHA<\/p>\n<p><strong>Ba\u00fa com Abertura de Tampa<\/strong><\/p>\n<p><strong>Foguete<\/strong><\/p>\n<p><strong>Fruta<\/strong><\/p>\n<p><strong>Vela com Casti\u00e7al<\/strong><\/p>\n<p>&nbsp;<\/p>\n<p>ARTICULATION \/ ARTICULA\u00c7\u00c3O<br \/>\n<strong>head <\/strong><strong>\/ cabe\u00e7a<\/strong><\/p>\n<p>&nbsp;<\/p>\n<p>SHIPPING \/ ENVIO<br \/>\n<strong>15 days\/dias<\/strong><\/p>\n\n    <div class=\"xs_social_share_widget xs_share_url after_content \t\tmain_content  wslu-style-1 wslu-share-box-shaped wslu-fill-colored wslu-none wslu-share-horizontal wslu-theme-font-no wslu-main_content\">\n\n\t\t\n        <ul>\n\t\t\t        <\/ul>\n    <\/div> \n","protected":false},"excerpt":{"rendered":"<p><span dir=\"auto\">Pingo \u00e9 um espi\u00e3o metamorfo que era tratado com estima\u00e7\u00e3o por <\/span><span dir=\"auto\">Hordak<\/span><span dir=\"auto\">. <\/span><\/p>\n<p><span dir=\"auto\">Pingo na maioria das vezes conseguia ficar do lado direito de Hordak para evitar incorrer em sua ira. Ele \u00e9 visto como o &#8220;animal de estima\u00e7\u00e3o&#8221; e\/ou ajudante de Hordak. Ele costuma apontar quando outros membros da Horda do Mal<\/span><span dir=\"auto\"> falham em suas diferentes miss\u00f5es e encoraja Hordak a descarregar sua raiva neles. Por causa disso, Pingo \u00e9 odiado pela maioria dos outros membros da Horda. N\u00e3o era apenas a Horda que tinha antipatia por Pingo, mas tamb\u00e9m os membros da Grande Rebeli\u00e3o.<\/span><\/p>\n<hr \/>\n<p>O poder do Pingo \u00e9 a capacidade de se transformar em in\u00fameras formas diferentes. Parece n\u00e3o haver limite para a variedade de formas que pode assumir. Na maioria das vezes, quando assume uma forma diferente, ele mant\u00e9m sua colora\u00e7\u00e3o azul natural. Vale ressaltar que Pingo tamb\u00e9m parece possuir a capacidade de assumir as caracter\u00edsticas de qualquer forma que assuma.<\/p>\n","protected":false},"featured_media":7019,"comment_status":"open","ping_status":"closed","template":"","meta":[],"product_brand":[],"product_cat":[17],"product_tag":[],"class_list":{"0":"post-6421","1":"product","2":"type-product","3":"status-publish","4":"has-post-thumbnail","6":"product_cat-she-ra","8":"first","9":"onbackorder","10":"shipping-taxable","11":"purchasable","12":"product-type-simple"},"_links":{"self":[{"href":"https:\/\/nerddebigode.com.br\/index.php?rest_route=\/wp\/v2\/product\/6421","targetHints":{"allow":["GET"]}}],"collection":[{"href":"https:\/\/nerddebigode.com.br\/index.php?rest_route=\/wp\/v2\/product"}],"about":[{"href":"https:\/\/nerddebigode.com.br\/index.php?rest_route=\/wp\/v2\/types\/product"}],"replies":[{"embeddable":true,"href":"https:\/\/nerddebigode.com.br\/index.php?rest_route=%2Fwp%2Fv2%2Fcomments&post=6421"}],"wp:featuredmedia":[{"embeddable":true,"href":"https:\/\/nerddebigode.com.br\/index.php?rest_route=\/wp\/v2\/media\/7019"}],"wp:attachment":[{"href":"https:\/\/nerddebigode.com.br\/index.php?rest_route=%2Fwp%2Fv2%2Fmedia&parent=6421"}],"wp:term":[{"taxonomy":"product_brand","embeddable":true,"href":"https:\/\/nerddebigode.com.br\/index.php?rest_route=%2Fwp%2Fv2%2Fproduct_brand&post=6421"},{"taxonomy":"product_cat","embeddable":true,"href":"https:\/\/nerddebigode.com.br\/index.php?rest_route=%2Fwp%2Fv2%2Fproduct_cat&post=6421"},{"taxonomy":"product_tag","embeddable":true,"href":"https:\/\/nerddebigode.com.br\/index.php?rest_route=%2Fwp%2Fv2%2Fproduct_tag&post=6421"}],"curies":[{"name":"wp","href":"https:\/\/api.w.org\/{rel}","templated":true}]}}