{"id":6363,"date":"2025-01-24T16:42:02","date_gmt":"2025-01-24T16:42:02","guid":{"rendered":"https:\/\/nerddebigode.com.br\/?post_type=product&#038;p=6363"},"modified":"2026-04-29T15:51:12","modified_gmt":"2026-04-29T15:51:12","slug":"pack-gorpo-tio-montork","status":"publish","type":"product","link":"https:\/\/nerddebigode.com.br\/?product=pack-gorpo-tio-montork","title":{"rendered":"PACK Gorpo &#038; Tio Montork"},"content":{"rendered":"<p>Gorpo e Tio Montork tra\u00e7o Cartoon em escala Mondo<\/p>\n<p>pe\u00e7as produzidas em PLA (pl\u00e1stico) e Resina<\/p>\n<p>Altura 11,2 cm aproximadamente<\/p>\n<p>+ acess\u00f3rios<\/p>\n<p>***PRODUTO SOB ENCOMENDA***<\/p>\n<p>Prazo de Entrega: 10 d.u.<\/p>\n<p>&nbsp;<\/p>\n\n    <div class=\"xs_social_share_widget xs_share_url after_content \t\tmain_content  wslu-style-1 wslu-share-box-shaped wslu-fill-colored wslu-none wslu-share-horizontal wslu-theme-font-no wslu-main_content\">\n\n\t\t\n        <ul>\n\t\t\t        <\/ul>\n    <\/div> \n","protected":false},"excerpt":{"rendered":"<p>Gorpo e Tio Montork tra\u00e7o Cartoon em escala Mondo pe\u00e7as produzidas em PLA (pl\u00e1stico) e Resina Altura 11,2 cm aproximadamente + acess\u00f3rios ***PRODUTO SOB ENCOMENDA*** Prazo de Entrega: 10 d.u. &nbsp;<\/p>\n","protected":false},"featured_media":6354,"comment_status":"open","ping_status":"closed","template":"","meta":[],"product_brand":[],"product_cat":[18],"product_tag":[],"class_list":{"0":"post-6363","1":"product","2":"type-product","3":"status-publish","4":"has-post-thumbnail","6":"product_cat-motu","8":"first","9":"onbackorder","10":"shipping-taxable","11":"purchasable","12":"product-type-simple"},"_links":{"self":[{"href":"https:\/\/nerddebigode.com.br\/index.php?rest_route=\/wp\/v2\/product\/6363","targetHints":{"allow":["GET"]}}],"collection":[{"href":"https:\/\/nerddebigode.com.br\/index.php?rest_route=\/wp\/v2\/product"}],"about":[{"href":"https:\/\/nerddebigode.com.br\/index.php?rest_route=\/wp\/v2\/types\/product"}],"replies":[{"embeddable":true,"href":"https:\/\/nerddebigode.com.br\/index.php?rest_route=%2Fwp%2Fv2%2Fcomments&post=6363"}],"wp:featuredmedia":[{"embeddable":true,"href":"https:\/\/nerddebigode.com.br\/index.php?rest_route=\/wp\/v2\/media\/6354"}],"wp:attachment":[{"href":"https:\/\/nerddebigode.com.br\/index.php?rest_route=%2Fwp%2Fv2%2Fmedia&parent=6363"}],"wp:term":[{"taxonomy":"product_brand","embeddable":true,"href":"https:\/\/nerddebigode.com.br\/index.php?rest_route=%2Fwp%2Fv2%2Fproduct_brand&post=6363"},{"taxonomy":"product_cat","embeddable":true,"href":"https:\/\/nerddebigode.com.br\/index.php?rest_route=%2Fwp%2Fv2%2Fproduct_cat&post=6363"},{"taxonomy":"product_tag","embeddable":true,"href":"https:\/\/nerddebigode.com.br\/index.php?rest_route=%2Fwp%2Fv2%2Fproduct_tag&post=6363"}],"curies":[{"name":"wp","href":"https:\/\/api.w.org\/{rel}","templated":true}]}}