{"id":6299,"date":"2024-10-08T18:17:00","date_gmt":"2024-10-08T18:17:00","guid":{"rendered":"https:\/\/nerddebigode.com.br\/?post_type=product&#038;p=6299"},"modified":"2025-10-01T20:12:05","modified_gmt":"2025-10-01T20:12:05","slug":"sarcofago-mumm-ra","status":"publish","type":"product","link":"https:\/\/nerddebigode.com.br\/?product=sarcofago-mumm-ra","title":{"rendered":"SARC\u00d3FAGO MUMM-R\u00c1"},"content":{"rendered":"<p>Sarc\u00f3fago \u00e9 composto por:<\/p>\n<p><strong>CAIX\u00c3O + TAMPA<\/strong><\/p>\n<p>&nbsp;<\/p>\n<p>produzido em:<\/p>\n<p>PLA \u2013 impress\u00e3o<\/p>\n<p>&nbsp;<\/p>\n<p>acabamento:<\/p>\n<p>pintura azul escuro mesclado<\/p>\n<p>&nbsp;<\/p>\n<p>prazo de entrega:<\/p>\n<p>10 (dez) dias \u00fateis<\/p>\n<p><strong>PRODU\u00c7\u00c3O SOB ENCOMENDA<\/strong><\/p>\n\n    <div class=\"xs_social_share_widget xs_share_url after_content \t\tmain_content  wslu-style-1 wslu-share-box-shaped wslu-fill-colored wslu-none wslu-share-horizontal wslu-theme-font-no wslu-main_content\">\n\n\t\t\n        <ul>\n\t\t\t        <\/ul>\n    <\/div> \n","protected":false},"excerpt":{"rendered":"<p><span dir=\"auto\">Al\u00e9m da c\u00e2mara central que abriga os Antigos Esp\u00edritos do Mal<\/span><span dir=\"auto\">, o <strong>Sarc\u00f3fago<\/strong> de Mumm-Ra e seu caldeir\u00e3o m\u00e1gico, a pir\u00e2mide tem in\u00fameras c\u00e2maras escondidas, incluindo a C\u00e2mara do Tesouro de Mumm-Ra.<\/span><\/p>\n<p><span dir=\"auto\">Ela faz parte da <\/span><b><span dir=\"auto\">Pir\u00e2mide Negra<\/span><\/b><span dir=\"auto\">\u00a0\u00e9 o lar de\u00a0<\/span><span dir=\"auto\">Mumm-Ra<\/span><span dir=\"auto\">\u00a0na\u00a0<\/span><span dir=\"auto\">Terceira Terra<\/span><span dir=\"auto\">\u00a0. Composta por uma pir\u00e2mide central cercada por quatro obeliscos, a Pir\u00e2mide Negra tem sido a resid\u00eancia de Mumm-Ra por s\u00e9culos. Ela est\u00e1 localizada pr\u00f3xima ao\u00a0<\/span><span dir=\"auto\">Deserto das Areias Submersas<\/span><span dir=\"auto\">\u00a0.<\/span><\/p>\n<p>&nbsp;<\/p>\n","protected":false},"featured_media":6890,"comment_status":"open","ping_status":"closed","template":"","meta":[],"product_brand":[],"product_cat":[19],"product_tag":[],"class_list":{"0":"post-6299","1":"product","2":"type-product","3":"status-publish","4":"has-post-thumbnail","6":"product_cat-thundercats","8":"first","9":"onbackorder","10":"shipping-taxable","11":"purchasable","12":"product-type-simple"},"_links":{"self":[{"href":"https:\/\/nerddebigode.com.br\/index.php?rest_route=\/wp\/v2\/product\/6299","targetHints":{"allow":["GET"]}}],"collection":[{"href":"https:\/\/nerddebigode.com.br\/index.php?rest_route=\/wp\/v2\/product"}],"about":[{"href":"https:\/\/nerddebigode.com.br\/index.php?rest_route=\/wp\/v2\/types\/product"}],"replies":[{"embeddable":true,"href":"https:\/\/nerddebigode.com.br\/index.php?rest_route=%2Fwp%2Fv2%2Fcomments&post=6299"}],"wp:featuredmedia":[{"embeddable":true,"href":"https:\/\/nerddebigode.com.br\/index.php?rest_route=\/wp\/v2\/media\/6890"}],"wp:attachment":[{"href":"https:\/\/nerddebigode.com.br\/index.php?rest_route=%2Fwp%2Fv2%2Fmedia&parent=6299"}],"wp:term":[{"taxonomy":"product_brand","embeddable":true,"href":"https:\/\/nerddebigode.com.br\/index.php?rest_route=%2Fwp%2Fv2%2Fproduct_brand&post=6299"},{"taxonomy":"product_cat","embeddable":true,"href":"https:\/\/nerddebigode.com.br\/index.php?rest_route=%2Fwp%2Fv2%2Fproduct_cat&post=6299"},{"taxonomy":"product_tag","embeddable":true,"href":"https:\/\/nerddebigode.com.br\/index.php?rest_route=%2Fwp%2Fv2%2Fproduct_tag&post=6299"}],"curies":[{"name":"wp","href":"https:\/\/api.w.org\/{rel}","templated":true}]}}