{"id":5859,"date":"2024-05-01T22:20:48","date_gmt":"2024-05-01T22:20:48","guid":{"rendered":"https:\/\/nerddebigode.com.br\/?post_type=product&#038;p=5859"},"modified":"2025-10-08T19:34:59","modified_gmt":"2025-10-08T19:34:59","slug":"zook","status":"publish","type":"product","link":"https:\/\/nerddebigode.com.br\/?product=zook","title":{"rendered":"ZOK"},"content":{"rendered":"<p>PROJETO<\/p>\n<p><strong>ZOK &#8211; THE HERCULOIDS<\/strong><\/p>\n<p>&nbsp;<\/p>\n<p>TAMANHO<\/p>\n<p>EMVERGADURA DE ASAS: 70 CM<\/p>\n<p>ALTURA: 30 CM<\/p>\n<p>PROFUNDIDADE: 25 CM<\/p>\n<p>&nbsp;<\/p>\n<p>ARTICULATION \/ ARTICULA\u00c7\u00c3O<br \/>\n<strong>asas \/ bra\u00e7os \/ pesco\u00e7o<\/strong><\/p>\n<p>&nbsp;<\/p>\n<p>PRAZO DE PRODU\u00c7\u00c3O<br \/>\n<strong>20 dias \u00fateis<\/strong><\/p>\n\n    <div class=\"xs_social_share_widget xs_share_url after_content \t\tmain_content  wslu-style-1 wslu-share-box-shaped wslu-fill-colored wslu-none wslu-share-horizontal wslu-theme-font-no wslu-main_content\">\n\n\t\t\n        <ul>\n\t\t\t        <\/ul>\n    <\/div> \n","protected":false},"excerpt":{"rendered":"<p><b><span dir=\"auto\">Zok<\/span><\/b><span dir=\"auto\"> \u00e9 um drag\u00e3o espacial voador.<\/span><\/p>\n<p>Ele pode emitir raios laser pelos olhos e pela cauda. Seus olhos tamb\u00e9m produzem um &#8220;raio negativo&#8221; que pode neutralizar certos ataques de energia. Zok pode sobreviver no espa\u00e7o sem ajuda, \u00e9 capaz de viajar interestelar e pode cuspir fogo.<\/p>\n<hr \/>\n<p><span dir=\"auto\">De acordo com Cartoon Network Presents #9 (1998), a m\u00e3e de Zok se chama\u00a0<\/span><span class=\"new\" title=\"Geropa (p\u00e1gina n\u00e3o existe)\" data-uncrawlable-url=\"L3dpa2kvR2Vyb3BhP2FjdGlvbj1lZGl0JnJlZGxpbms9MQ==\"><span dir=\"auto\">Geropa<\/span><\/span><span dir=\"auto\">\u00a0. Tamb\u00e9m nesta edi\u00e7\u00e3o, Zok \u00e9 revelado ainda na inf\u00e2ncia.<\/span><\/p>\n","protected":false},"featured_media":7009,"comment_status":"open","ping_status":"closed","template":"","meta":[],"product_brand":[],"product_cat":[61],"product_tag":[],"class_list":{"0":"post-5859","1":"product","2":"type-product","3":"status-publish","4":"has-post-thumbnail","6":"product_cat-herculoides","8":"first","9":"onbackorder","10":"shipping-taxable","11":"purchasable","12":"product-type-simple"},"_links":{"self":[{"href":"https:\/\/nerddebigode.com.br\/index.php?rest_route=\/wp\/v2\/product\/5859","targetHints":{"allow":["GET"]}}],"collection":[{"href":"https:\/\/nerddebigode.com.br\/index.php?rest_route=\/wp\/v2\/product"}],"about":[{"href":"https:\/\/nerddebigode.com.br\/index.php?rest_route=\/wp\/v2\/types\/product"}],"replies":[{"embeddable":true,"href":"https:\/\/nerddebigode.com.br\/index.php?rest_route=%2Fwp%2Fv2%2Fcomments&post=5859"}],"wp:featuredmedia":[{"embeddable":true,"href":"https:\/\/nerddebigode.com.br\/index.php?rest_route=\/wp\/v2\/media\/7009"}],"wp:attachment":[{"href":"https:\/\/nerddebigode.com.br\/index.php?rest_route=%2Fwp%2Fv2%2Fmedia&parent=5859"}],"wp:term":[{"taxonomy":"product_brand","embeddable":true,"href":"https:\/\/nerddebigode.com.br\/index.php?rest_route=%2Fwp%2Fv2%2Fproduct_brand&post=5859"},{"taxonomy":"product_cat","embeddable":true,"href":"https:\/\/nerddebigode.com.br\/index.php?rest_route=%2Fwp%2Fv2%2Fproduct_cat&post=5859"},{"taxonomy":"product_tag","embeddable":true,"href":"https:\/\/nerddebigode.com.br\/index.php?rest_route=%2Fwp%2Fv2%2Fproduct_tag&post=5859"}],"curies":[{"name":"wp","href":"https:\/\/api.w.org\/{rel}","templated":true}]}}