{"id":5841,"date":"2024-04-09T16:20:08","date_gmt":"2024-04-09T16:20:08","guid":{"rendered":"https:\/\/nerddebigode.com.br\/?post_type=product&#038;p=5841"},"modified":"2025-09-22T23:32:22","modified_gmt":"2025-09-22T23:32:22","slug":"kowla-corujete","status":"publish","type":"product","link":"https:\/\/nerddebigode.com.br\/?product=kowla-corujete","title":{"rendered":"KOWLA &#8211; CORUJETE"},"content":{"rendered":"<p>MODEL<\/p>\n<p><strong>KOWLA &#8211; CORUJETE<\/strong><\/p>\n<p>&nbsp;<\/p>\n<p>SIZE \/ ALTURA<\/p>\n<p><strong>2,7in \u2022 6,8cm<\/strong><\/p>\n<p>&nbsp;<\/p>\n<p>ARTICULATION \/ ARTICULA\u00c7\u00c3O<br \/>\n<strong>\u00a0arms<\/strong><br \/>\n<strong>bra\u00e7os<\/strong><\/p>\n<p>&nbsp;<\/p>\n<p>SHIPPING \/ ENVIO<br \/>\n<strong>20 days\/dias<\/strong><\/p>\n\n    <div class=\"xs_social_share_widget xs_share_url after_content \t\tmain_content  wslu-style-1 wslu-share-box-shaped wslu-fill-colored wslu-none wslu-share-horizontal wslu-theme-font-no wslu-main_content\">\n\n\t\t\n        <ul>\n\t\t\t        <\/ul>\n    <\/div> \n","protected":false},"excerpt":{"rendered":"<p>Produzido em resina com articula\u00e7\u00f5es de giro nos bra\u00e7os e bico intercambi\u00e1veis.<\/p>\n<pre id=\"tw-target-text\" class=\"tw-data-text tw-text-large tw-ta\" dir=\"ltr\" data-placeholder=\"Tradu\u00e7\u00e3o\" data-ved=\"2ahUKEwiJuO2f462DAxXoq5UCHZBWDzQQ3ewLegQIBRAQ\"><span class=\"Y2IQFc\" lang=\"en\">Produced in resin with pivoting joints on the arms and interchangeable nozzle.<\/span><\/pre>\n","protected":false},"featured_media":5843,"comment_status":"open","ping_status":"closed","template":"","meta":[],"product_brand":[],"product_cat":[17],"product_tag":[],"class_list":{"0":"post-5841","1":"product","2":"type-product","3":"status-publish","4":"has-post-thumbnail","6":"product_cat-she-ra","8":"first","9":"onbackorder","10":"shipping-taxable","11":"purchasable","12":"product-type-simple"},"_links":{"self":[{"href":"https:\/\/nerddebigode.com.br\/index.php?rest_route=\/wp\/v2\/product\/5841","targetHints":{"allow":["GET"]}}],"collection":[{"href":"https:\/\/nerddebigode.com.br\/index.php?rest_route=\/wp\/v2\/product"}],"about":[{"href":"https:\/\/nerddebigode.com.br\/index.php?rest_route=\/wp\/v2\/types\/product"}],"replies":[{"embeddable":true,"href":"https:\/\/nerddebigode.com.br\/index.php?rest_route=%2Fwp%2Fv2%2Fcomments&post=5841"}],"wp:featuredmedia":[{"embeddable":true,"href":"https:\/\/nerddebigode.com.br\/index.php?rest_route=\/wp\/v2\/media\/5843"}],"wp:attachment":[{"href":"https:\/\/nerddebigode.com.br\/index.php?rest_route=%2Fwp%2Fv2%2Fmedia&parent=5841"}],"wp:term":[{"taxonomy":"product_brand","embeddable":true,"href":"https:\/\/nerddebigode.com.br\/index.php?rest_route=%2Fwp%2Fv2%2Fproduct_brand&post=5841"},{"taxonomy":"product_cat","embeddable":true,"href":"https:\/\/nerddebigode.com.br\/index.php?rest_route=%2Fwp%2Fv2%2Fproduct_cat&post=5841"},{"taxonomy":"product_tag","embeddable":true,"href":"https:\/\/nerddebigode.com.br\/index.php?rest_route=%2Fwp%2Fv2%2Fproduct_tag&post=5841"}],"curies":[{"name":"wp","href":"https:\/\/api.w.org\/{rel}","templated":true}]}}