{"id":5784,"date":"2023-12-26T18:50:39","date_gmt":"2023-12-26T18:50:39","guid":{"rendered":"https:\/\/nerddebigode.com.br\/?post_type=product&#038;p=5784"},"modified":"2026-04-29T15:51:12","modified_gmt":"2026-04-29T15:51:12","slug":"kowl","status":"publish","type":"product","link":"https:\/\/nerddebigode.com.br\/?product=kowl","title":{"rendered":"KOWL &#8211; CORUJITO"},"content":{"rendered":"<p>MODEL<\/p>\n<p><strong>KOWL &#8211; CORUJITO<\/strong><\/p>\n<p>&nbsp;<\/p>\n<p>SIZE \/ ALTURA<\/p>\n<p><strong>2,7in \u2022 6,8cm<\/strong><\/p>\n<p>&nbsp;<\/p>\n<p>ARTICULATION \/ ARTICULA\u00c7\u00c3O<br \/>\n<strong>\u00a0arms<\/strong><br \/>\n<strong>bra\u00e7os<\/strong><\/p>\n<p>&nbsp;<\/p>\n<p>SHIPPING \/ ENVIO<br \/>\n<strong>20 days\/dias<\/strong><\/p>\n\n    <div class=\"xs_social_share_widget xs_share_url after_content \t\tmain_content  wslu-style-1 wslu-share-box-shaped wslu-fill-colored wslu-none wslu-share-horizontal wslu-theme-font-no wslu-main_content\">\n\n\t\t\n        <ul>\n\t\t\t        <\/ul>\n    <\/div> \n","protected":false},"excerpt":{"rendered":"<p>Produzido em resina com articula\u00e7\u00f5es de giro nos bra\u00e7os e bico intercambi\u00e1veis.<\/p>\n<pre id=\"tw-target-text\" class=\"tw-data-text tw-text-large tw-ta\" dir=\"ltr\" data-placeholder=\"Tradu\u00e7\u00e3o\" data-ved=\"2ahUKEwiJuO2f462DAxXoq5UCHZBWDzQQ3ewLegQIBRAQ\"><span class=\"Y2IQFc\" lang=\"en\">Produced in resin with pivoting joints on the arms and interchangeable nozzle.<\/span><\/pre>\n","protected":false},"featured_media":5842,"comment_status":"open","ping_status":"closed","template":"","meta":[],"product_brand":[],"product_cat":[17],"product_tag":[],"class_list":{"0":"post-5784","1":"product","2":"type-product","3":"status-publish","4":"has-post-thumbnail","6":"product_cat-she-ra","8":"first","9":"onbackorder","10":"shipping-taxable","11":"purchasable","12":"product-type-simple"},"_links":{"self":[{"href":"https:\/\/nerddebigode.com.br\/index.php?rest_route=\/wp\/v2\/product\/5784","targetHints":{"allow":["GET"]}}],"collection":[{"href":"https:\/\/nerddebigode.com.br\/index.php?rest_route=\/wp\/v2\/product"}],"about":[{"href":"https:\/\/nerddebigode.com.br\/index.php?rest_route=\/wp\/v2\/types\/product"}],"replies":[{"embeddable":true,"href":"https:\/\/nerddebigode.com.br\/index.php?rest_route=%2Fwp%2Fv2%2Fcomments&post=5784"}],"wp:featuredmedia":[{"embeddable":true,"href":"https:\/\/nerddebigode.com.br\/index.php?rest_route=\/wp\/v2\/media\/5842"}],"wp:attachment":[{"href":"https:\/\/nerddebigode.com.br\/index.php?rest_route=%2Fwp%2Fv2%2Fmedia&parent=5784"}],"wp:term":[{"taxonomy":"product_brand","embeddable":true,"href":"https:\/\/nerddebigode.com.br\/index.php?rest_route=%2Fwp%2Fv2%2Fproduct_brand&post=5784"},{"taxonomy":"product_cat","embeddable":true,"href":"https:\/\/nerddebigode.com.br\/index.php?rest_route=%2Fwp%2Fv2%2Fproduct_cat&post=5784"},{"taxonomy":"product_tag","embeddable":true,"href":"https:\/\/nerddebigode.com.br\/index.php?rest_route=%2Fwp%2Fv2%2Fproduct_tag&post=5784"}],"curies":[{"name":"wp","href":"https:\/\/api.w.org\/{rel}","templated":true}]}}