{"id":5716,"date":"2023-06-02T20:57:42","date_gmt":"2023-06-02T20:57:42","guid":{"rendered":"https:\/\/nerddebigode.com.br\/?post_type=product&#038;p=5716"},"modified":"2025-10-02T00:58:50","modified_gmt":"2025-10-02T00:58:50","slug":"berbil-ro-bear-bob","status":"publish","type":"product","link":"https:\/\/nerddebigode.com.br\/?product=berbil-ro-bear-bob","title":{"rendered":"BERBIL RO-BEAR BOB"},"content":{"rendered":"<p>MODEL<\/p>\n<p><strong>RO-BEAR BOB<\/strong><\/p>\n<p>&nbsp;<\/p>\n<p>ALTURA<\/p>\n<p><strong>10cm<\/strong><\/p>\n<p>&nbsp;<\/p>\n<p>LUZ<br \/>\n<strong>luz led e bateria inclusa<\/strong><\/p>\n<p>&nbsp;<\/p>\n<p>ARTICULATION \/ ARTICULA\u00c7\u00c3O<br \/>\n<strong>cabe\u00e7a \u2022 bra\u00e7os \u2022 pernas<\/strong><\/p>\n<p>&nbsp;<\/p>\n<p>SHIPPING \/ ENVIO<br \/>\n<strong>20 dias \u00fateis<\/strong><\/p>\n\n    <div class=\"xs_social_share_widget xs_share_url after_content \t\tmain_content  wslu-style-1 wslu-share-box-shaped wslu-fill-colored wslu-none wslu-share-horizontal wslu-theme-font-no wslu-main_content\">\n\n\t\t\n        <ul>\n\t\t\t        <\/ul>\n    <\/div> \n","protected":false},"excerpt":{"rendered":"<p><span dir=\"auto\">\u00c9 revelado que <\/span><span dir=\"auto\">Ro-Bear Ber<\/span><span dir=\"auto\">t<\/span><span dir=\"auto\">\u00a0e\u00a0<\/span><span dir=\"auto\">Ro-Bear Bob<\/span><span dir=\"auto\">\u00a0, resgataram os novos ThunderCats p<\/span><span dir=\"auto\">ouco antes da destrui\u00e7\u00e3o de\u00a0<\/span><span dir=\"auto\">Thundera<\/span><span dir=\"auto\">\u00a0. No entanto, uma explos\u00e3o danificou sua\u00a0<\/span><span dir=\"auto\">nave espacial<\/span><span dir=\"auto\">\u00a0e eles n\u00e3o conseguiram chegar \u00e0 Vila Berbil. Em vez disso, foram for\u00e7ados a pousar em uma ilha deserta no meio do oceano. Eles viveram l\u00e1 felizes at\u00e9 que os\u00a0<\/span><span dir=\"auto\">Berserkers<\/span><span dir=\"auto\"> sequestraram todos os cinco. Felizmente, os ThunderCats resgataram todos eles e presume-se que os dois Berbils se juntaram aos seus semelhantes na Vila Berbil.<\/span><\/p>\n","protected":false},"featured_media":6916,"comment_status":"open","ping_status":"closed","template":"","meta":[],"product_brand":[],"product_cat":[19],"product_tag":[],"class_list":{"0":"post-5716","1":"product","2":"type-product","3":"status-publish","4":"has-post-thumbnail","6":"product_cat-thundercats","8":"first","9":"onbackorder","10":"shipping-taxable","11":"purchasable","12":"product-type-simple"},"_links":{"self":[{"href":"https:\/\/nerddebigode.com.br\/index.php?rest_route=\/wp\/v2\/product\/5716","targetHints":{"allow":["GET"]}}],"collection":[{"href":"https:\/\/nerddebigode.com.br\/index.php?rest_route=\/wp\/v2\/product"}],"about":[{"href":"https:\/\/nerddebigode.com.br\/index.php?rest_route=\/wp\/v2\/types\/product"}],"replies":[{"embeddable":true,"href":"https:\/\/nerddebigode.com.br\/index.php?rest_route=%2Fwp%2Fv2%2Fcomments&post=5716"}],"wp:featuredmedia":[{"embeddable":true,"href":"https:\/\/nerddebigode.com.br\/index.php?rest_route=\/wp\/v2\/media\/6916"}],"wp:attachment":[{"href":"https:\/\/nerddebigode.com.br\/index.php?rest_route=%2Fwp%2Fv2%2Fmedia&parent=5716"}],"wp:term":[{"taxonomy":"product_brand","embeddable":true,"href":"https:\/\/nerddebigode.com.br\/index.php?rest_route=%2Fwp%2Fv2%2Fproduct_brand&post=5716"},{"taxonomy":"product_cat","embeddable":true,"href":"https:\/\/nerddebigode.com.br\/index.php?rest_route=%2Fwp%2Fv2%2Fproduct_cat&post=5716"},{"taxonomy":"product_tag","embeddable":true,"href":"https:\/\/nerddebigode.com.br\/index.php?rest_route=%2Fwp%2Fv2%2Fproduct_tag&post=5716"}],"curies":[{"name":"wp","href":"https:\/\/api.w.org\/{rel}","templated":true}]}}