{"id":5698,"date":"2023-05-08T19:23:34","date_gmt":"2023-05-08T19:23:34","guid":{"rendered":"https:\/\/nerddebigode.com.br\/?post_type=product&#038;p=5698"},"modified":"2025-10-02T01:03:51","modified_gmt":"2025-10-02T01:03:51","slug":"berbil-mummra","status":"publish","type":"product","link":"https:\/\/nerddebigode.com.br\/?product=berbil-mummra","title":{"rendered":"BERBIL MUMM-RA"},"content":{"rendered":"<p>MODEL<\/p>\n<p><strong>MUMM-RA BERBIL<\/strong><\/p>\n<p>&nbsp;<\/p>\n<p>ALTURA<\/p>\n<p><strong>10cm<\/strong><\/p>\n<p>&nbsp;<\/p>\n<p>LUZ<br \/>\n<strong>luz led e bateria inclusa<\/strong><\/p>\n<p>&nbsp;<\/p>\n<p>ARTICULATION \/ ARTICULA\u00c7\u00c3O<br \/>\n<strong>cabe\u00e7a \u2022 bra\u00e7os \u2022 pernas<\/strong><\/p>\n<p>&nbsp;<\/p>\n<p>SHIPPING \/ ENVIO<br \/>\n<strong>20 dias \u00fateis<\/strong><\/p>\n\n    <div class=\"xs_social_share_widget xs_share_url after_content \t\tmain_content  wslu-style-1 wslu-share-box-shaped wslu-fill-colored wslu-none wslu-share-horizontal wslu-theme-font-no wslu-main_content\">\n\n\t\t\n        <ul>\n\t\t\t        <\/ul>\n    <\/div> \n","protected":false},"excerpt":{"rendered":"<p>Mumm-Ra diz que destruir\u00e1 os ThunderCats sozinho e faz com que os Antigos Esp\u00edritos do Mal o transformem em um Berbil, o \u00fanico disfarce que nenhum ThunderCats esperaria.<\/p>\n<p>Enquanto Snarf caminha pela floresta, Mumm-Ra (agora disfar\u00e7ado de Berbil) cai de uma \u00e1rvore e reclama com Snarf que seu bra\u00e7o est\u00e1 machucado. Snarf ent\u00e3o leva o Berbil de volta para a Toca para ser curado.<\/p>\n<p>Os ThunderCats se oferecem para deixar o Berbil dormir no quarto de h\u00f3spedes e que o levar\u00e3o de volta para a vila Berbil pela manh\u00e3. Depois que os ThunderCats dormem, Mumm-Ra tira seu disfarce de Berbil e se transforma em um morcego de fogo.<\/p>\n","protected":false},"featured_media":6917,"comment_status":"open","ping_status":"closed","template":"","meta":[],"product_brand":[],"product_cat":[19],"product_tag":[],"class_list":{"0":"post-5698","1":"product","2":"type-product","3":"status-publish","4":"has-post-thumbnail","6":"product_cat-thundercats","8":"first","9":"onbackorder","10":"shipping-taxable","11":"purchasable","12":"product-type-simple"},"_links":{"self":[{"href":"https:\/\/nerddebigode.com.br\/index.php?rest_route=\/wp\/v2\/product\/5698","targetHints":{"allow":["GET"]}}],"collection":[{"href":"https:\/\/nerddebigode.com.br\/index.php?rest_route=\/wp\/v2\/product"}],"about":[{"href":"https:\/\/nerddebigode.com.br\/index.php?rest_route=\/wp\/v2\/types\/product"}],"replies":[{"embeddable":true,"href":"https:\/\/nerddebigode.com.br\/index.php?rest_route=%2Fwp%2Fv2%2Fcomments&post=5698"}],"wp:featuredmedia":[{"embeddable":true,"href":"https:\/\/nerddebigode.com.br\/index.php?rest_route=\/wp\/v2\/media\/6917"}],"wp:attachment":[{"href":"https:\/\/nerddebigode.com.br\/index.php?rest_route=%2Fwp%2Fv2%2Fmedia&parent=5698"}],"wp:term":[{"taxonomy":"product_brand","embeddable":true,"href":"https:\/\/nerddebigode.com.br\/index.php?rest_route=%2Fwp%2Fv2%2Fproduct_brand&post=5698"},{"taxonomy":"product_cat","embeddable":true,"href":"https:\/\/nerddebigode.com.br\/index.php?rest_route=%2Fwp%2Fv2%2Fproduct_cat&post=5698"},{"taxonomy":"product_tag","embeddable":true,"href":"https:\/\/nerddebigode.com.br\/index.php?rest_route=%2Fwp%2Fv2%2Fproduct_tag&post=5698"}],"curies":[{"name":"wp","href":"https:\/\/api.w.org\/{rel}","templated":true}]}}