{"id":5636,"date":"2022-10-23T16:02:34","date_gmt":"2022-10-23T16:02:34","guid":{"rendered":"https:\/\/nerddebigode.com.br\/?post_type=product&#038;p=5636"},"modified":"2025-10-20T22:58:39","modified_gmt":"2025-10-20T22:58:39","slug":"molkrom-pre-venda","status":"publish","type":"product","link":"https:\/\/nerddebigode.com.br\/?product=molkrom-pre-venda","title":{"rendered":"MOLKROM"},"content":{"rendered":"<p>Molkrom Prince of Destruction<\/p>\n<p>&nbsp;<\/p>\n<p>BONECO ARTICULADO PRODUZIDO EM PL\u00c1STICO R\u00cdGIDO<\/p>\n<p>ACOMPANHA: HEAD EXTRA + TRIDENTE<\/p>\n<p>&nbsp;<\/p>\n<p><strong>P<\/strong><strong>RODUTO SOB ENCOMENDA<\/strong><\/p>\n<p><strong>PRAZO DE ENTREGA: 40 dias \u00fateis<\/strong><\/p>\n\n    <div class=\"xs_social_share_widget xs_share_url after_content \t\tmain_content  wslu-style-1 wslu-share-box-shaped wslu-fill-colored wslu-none wslu-share-horizontal wslu-theme-font-no wslu-main_content\">\n\n\t\t\n        <ul>\n\t\t\t        <\/ul>\n    <\/div> \n","protected":false},"excerpt":{"rendered":"<p><b><span dir=\"auto\">Molkrom<\/span><\/b><span dir=\"auto\">\u00a0era um enorme monstro h\u00edbrido verde-oliva com chifres, dois tent\u00e1culos no lugar dos bra\u00e7os, quatro patas de cavalo (como um centauro), uma cauda de cachorro e uma longa crina loira.<\/span><\/p>\n<p><span dir=\"auto\">A Feiticeira<\/span><span dir=\"auto\">\u00a0descreveu Molkrom e sua situa\u00e7\u00e3o da seguinte forma: &#8220;Com ele, os\u00a0<\/span><span dir=\"auto\">Torgs<\/span><span dir=\"auto\">\u00a0eram invenc\u00edveis. Ent\u00e3o, os\u00a0<\/span><span dir=\"auto\">Anci\u00f5es<\/span><span dir=\"auto\">\u00a0usaram sua magia para aprision\u00e1-lo nas profundezas das cavernas onde os Torgs vivem. [&#8230;] O Cajado de Avion pode libertar Molkrom, e Molkrom tem o poder de destruir\u00a0<\/span><span dir=\"auto\">Grayskull<\/span><span dir=\"auto\">\u00a0.&#8221; <\/span><\/p>\n<p><span dir=\"auto\">Molkrom tinha uma magia incrivelmente forte que parecia rivalizar at\u00e9 mesmo com o poder da Feiticeira.<\/span><\/p>\n","protected":false},"featured_media":5637,"comment_status":"open","ping_status":"closed","template":"","meta":[],"product_brand":[],"product_cat":[18],"product_tag":[],"class_list":{"0":"post-5636","1":"product","2":"type-product","3":"status-publish","4":"has-post-thumbnail","6":"product_cat-motu","8":"first","9":"onbackorder","10":"shipping-taxable","11":"purchasable","12":"product-type-simple"},"_links":{"self":[{"href":"https:\/\/nerddebigode.com.br\/index.php?rest_route=\/wp\/v2\/product\/5636","targetHints":{"allow":["GET"]}}],"collection":[{"href":"https:\/\/nerddebigode.com.br\/index.php?rest_route=\/wp\/v2\/product"}],"about":[{"href":"https:\/\/nerddebigode.com.br\/index.php?rest_route=\/wp\/v2\/types\/product"}],"replies":[{"embeddable":true,"href":"https:\/\/nerddebigode.com.br\/index.php?rest_route=%2Fwp%2Fv2%2Fcomments&post=5636"}],"wp:featuredmedia":[{"embeddable":true,"href":"https:\/\/nerddebigode.com.br\/index.php?rest_route=\/wp\/v2\/media\/5637"}],"wp:attachment":[{"href":"https:\/\/nerddebigode.com.br\/index.php?rest_route=%2Fwp%2Fv2%2Fmedia&parent=5636"}],"wp:term":[{"taxonomy":"product_brand","embeddable":true,"href":"https:\/\/nerddebigode.com.br\/index.php?rest_route=%2Fwp%2Fv2%2Fproduct_brand&post=5636"},{"taxonomy":"product_cat","embeddable":true,"href":"https:\/\/nerddebigode.com.br\/index.php?rest_route=%2Fwp%2Fv2%2Fproduct_cat&post=5636"},{"taxonomy":"product_tag","embeddable":true,"href":"https:\/\/nerddebigode.com.br\/index.php?rest_route=%2Fwp%2Fv2%2Fproduct_tag&post=5636"}],"curies":[{"name":"wp","href":"https:\/\/api.w.org\/{rel}","templated":true}]}}