{"id":426,"date":"2021-08-11T08:28:31","date_gmt":"2021-08-11T08:28:31","guid":{"rendered":"https:\/\/nerddebigode.com.br\/?post_type=product&#038;p=426"},"modified":"2025-09-22T23:30:21","modified_gmt":"2025-09-22T23:30:21","slug":"castelo-de-cristal","status":"publish","type":"product","link":"https:\/\/nerddebigode.com.br\/?product=castelo-de-cristal","title":{"rendered":"Castelo de Cristal"},"content":{"rendered":"<div class=\"wc-block-featured-product__description\">\n<p>Produto produzido em impress\u00e3o 3D com filamento PLA e\u00a0 J\u00f3ias em Resina<\/p>\n<p>ALTURA: 63 cm<\/p>\n<p>Pintura de acordo com o produto ilustrado<\/p>\n<p><strong>Produto sob encomenda!<\/strong><\/p>\n<p>Prazo de produ\u00e7\u00e3o: 30 dias \u00fateis<\/p>\n<\/div>\n\n    <div class=\"xs_social_share_widget xs_share_url after_content \t\tmain_content  wslu-style-1 wslu-share-box-shaped wslu-fill-colored wslu-none wslu-share-horizontal wslu-theme-font-no wslu-main_content\">\n\n\t\t\n        <ul>\n\t\t\t        <\/ul>\n    <\/div> \n","protected":false},"excerpt":{"rendered":"<p>Produto produzido em impress\u00e3o 3D com filamento PLA e\u00a0 J\u00f3ias em Resina ALTURA: 63 cm Pintura de acordo com o produto ilustrado Produto sob encomenda! Prazo de produ\u00e7\u00e3o: 30 dias \u00fateis<\/p>\n","protected":false},"featured_media":485,"comment_status":"open","ping_status":"closed","template":"","meta":[],"product_brand":[],"product_cat":[17],"product_tag":[],"class_list":{"0":"post-426","1":"product","2":"type-product","3":"status-publish","4":"has-post-thumbnail","6":"product_cat-she-ra","8":"first","9":"onbackorder","10":"shipping-taxable","11":"purchasable","12":"product-type-simple"},"_links":{"self":[{"href":"https:\/\/nerddebigode.com.br\/index.php?rest_route=\/wp\/v2\/product\/426","targetHints":{"allow":["GET"]}}],"collection":[{"href":"https:\/\/nerddebigode.com.br\/index.php?rest_route=\/wp\/v2\/product"}],"about":[{"href":"https:\/\/nerddebigode.com.br\/index.php?rest_route=\/wp\/v2\/types\/product"}],"replies":[{"embeddable":true,"href":"https:\/\/nerddebigode.com.br\/index.php?rest_route=%2Fwp%2Fv2%2Fcomments&post=426"}],"wp:featuredmedia":[{"embeddable":true,"href":"https:\/\/nerddebigode.com.br\/index.php?rest_route=\/wp\/v2\/media\/485"}],"wp:attachment":[{"href":"https:\/\/nerddebigode.com.br\/index.php?rest_route=%2Fwp%2Fv2%2Fmedia&parent=426"}],"wp:term":[{"taxonomy":"product_brand","embeddable":true,"href":"https:\/\/nerddebigode.com.br\/index.php?rest_route=%2Fwp%2Fv2%2Fproduct_brand&post=426"},{"taxonomy":"product_cat","embeddable":true,"href":"https:\/\/nerddebigode.com.br\/index.php?rest_route=%2Fwp%2Fv2%2Fproduct_cat&post=426"},{"taxonomy":"product_tag","embeddable":true,"href":"https:\/\/nerddebigode.com.br\/index.php?rest_route=%2Fwp%2Fv2%2Fproduct_tag&post=426"}],"curies":[{"name":"wp","href":"https:\/\/api.w.org\/{rel}","templated":true}]}}