{"id":3478,"date":"2022-05-24T16:12:18","date_gmt":"2022-05-24T16:12:18","guid":{"rendered":"https:\/\/nerddebigode.com.br\/?post_type=product&#038;p=3478"},"modified":"2025-10-02T01:11:50","modified_gmt":"2025-10-02T01:11:50","slug":"berbil-ro-ber-belle","status":"publish","type":"product","link":"https:\/\/nerddebigode.com.br\/?product=berbil-ro-ber-belle","title":{"rendered":"BERBIL RO-BEAR BELLE"},"content":{"rendered":"<p>MODEL<\/p>\n<p><strong>RO-BEAR BELLE<\/strong><\/p>\n<p>&nbsp;<\/p>\n<p>ALTURA<\/p>\n<p><strong>10cm<\/strong><\/p>\n<p>&nbsp;<\/p>\n<p>LUZ<br \/>\n<strong>luz led e bateria inclusa<\/strong><\/p>\n<p>&nbsp;<\/p>\n<p>ARTICULATION \/ ARTICULA\u00c7\u00c3O<br \/>\n<strong>cabe\u00e7a \u2022 bra\u00e7os \u2022 pernas<\/strong><\/p>\n<p>&nbsp;<\/p>\n<p>SHIPPING \/ ENVIO<br \/>\n<strong>20 dias \u00fateis<\/strong><\/p>\n\n    <div class=\"xs_social_share_widget xs_share_url after_content \t\tmain_content  wslu-style-1 wslu-share-box-shaped wslu-fill-colored wslu-none wslu-share-horizontal wslu-theme-font-no wslu-main_content\">\n\n\t\t\n        <ul>\n\t\t\t        <\/ul>\n    <\/div> \n","protected":false},"excerpt":{"rendered":"<p><b><span dir=\"auto\">Ro-Bear Belle<\/span><\/b><span dir=\"auto\">\u00a0\u00e9 uma Berbil f\u00eamea que vive com os outros\u00a0<\/span><span dir=\"auto\">Berbils<\/span><span dir=\"auto\">\u00a0na\u00a0<\/span><span dir=\"auto\">Vila Berbil<\/span><span dir=\"auto\">\u00a0, no\u00a0<\/span><span dir=\"auto\">Terceiro Mundo<\/span><span dir=\"auto\">\u00a0. Ela \u00e9 gentil, bondosa e trabalhadora e, junto com seu marido,\u00a0\u00a0<\/span><span dir=\"auto\">Ro-Bear Bill<\/span><span dir=\"auto\">\u00a0, foi uma das primeiras Berbils a fazer amizade com os\u00a0<\/span><span dir=\"auto\">ThunderCats<\/span><span dir=\"auto\">\u00a0durante seus primeiros dias no Terceiro Mundo. Ela geralmente cuida das tarefas dom\u00e9sticas e \u00e9 uma anfitri\u00e3 maravilhosa para seus convidados.<\/span><\/p>\n","protected":false},"featured_media":6914,"comment_status":"open","ping_status":"closed","template":"","meta":[],"product_brand":[],"product_cat":[149,19],"product_tag":[],"class_list":{"0":"post-3478","1":"product","2":"type-product","3":"status-publish","4":"has-post-thumbnail","6":"product_cat-ofertas","7":"product_cat-thundercats","9":"first","10":"onbackorder","11":"shipping-taxable","12":"purchasable","13":"product-type-simple"},"_links":{"self":[{"href":"https:\/\/nerddebigode.com.br\/index.php?rest_route=\/wp\/v2\/product\/3478","targetHints":{"allow":["GET"]}}],"collection":[{"href":"https:\/\/nerddebigode.com.br\/index.php?rest_route=\/wp\/v2\/product"}],"about":[{"href":"https:\/\/nerddebigode.com.br\/index.php?rest_route=\/wp\/v2\/types\/product"}],"replies":[{"embeddable":true,"href":"https:\/\/nerddebigode.com.br\/index.php?rest_route=%2Fwp%2Fv2%2Fcomments&post=3478"}],"wp:featuredmedia":[{"embeddable":true,"href":"https:\/\/nerddebigode.com.br\/index.php?rest_route=\/wp\/v2\/media\/6914"}],"wp:attachment":[{"href":"https:\/\/nerddebigode.com.br\/index.php?rest_route=%2Fwp%2Fv2%2Fmedia&parent=3478"}],"wp:term":[{"taxonomy":"product_brand","embeddable":true,"href":"https:\/\/nerddebigode.com.br\/index.php?rest_route=%2Fwp%2Fv2%2Fproduct_brand&post=3478"},{"taxonomy":"product_cat","embeddable":true,"href":"https:\/\/nerddebigode.com.br\/index.php?rest_route=%2Fwp%2Fv2%2Fproduct_cat&post=3478"},{"taxonomy":"product_tag","embeddable":true,"href":"https:\/\/nerddebigode.com.br\/index.php?rest_route=%2Fwp%2Fv2%2Fproduct_tag&post=3478"}],"curies":[{"name":"wp","href":"https:\/\/api.w.org\/{rel}","templated":true}]}}