{"id":3265,"date":"2022-03-05T16:43:39","date_gmt":"2022-03-05T16:43:39","guid":{"rendered":"https:\/\/nerddebigode.com.br\/?post_type=product&#038;p=3265"},"modified":"2025-10-02T02:23:35","modified_gmt":"2025-10-02T02:23:35","slug":"tronos-reais","status":"publish","type":"product","link":"https:\/\/nerddebigode.com.br\/?product=tronos-reais","title":{"rendered":"TRONOS REAIS"},"content":{"rendered":"<p>O conjunto \u00e9 composto por: TRONO REI RANDOR e TRONO RAINHA MARLENA<\/p>\n<p>&nbsp;<\/p>\n<p>Produto produzido em impress\u00e3o 3D com filamentos PLA<\/p>\n<p>Pintura de acordo com o produto ilustrado<\/p>\n<p>&nbsp;<\/p>\n<p><strong>Produto sob encomenda!<\/strong><\/p>\n<p>Prazo de produ\u00e7\u00e3o: 30 dias \u00fateis<\/p>\n\n    <div class=\"xs_social_share_widget xs_share_url after_content \t\tmain_content  wslu-style-1 wslu-share-box-shaped wslu-fill-colored wslu-none wslu-share-horizontal wslu-theme-font-no wslu-main_content\">\n\n\t\t\n        <ul>\n\t\t\t        <\/ul>\n    <\/div> \n","protected":false},"excerpt":{"rendered":"<p>O conjunto \u00e9 composto por: TRONO REI RANDOR e TRONO RAINHA MARLENA &nbsp; Produto produzido em impress\u00e3o 3D com filamentos PLA Pintura de acordo com o produto ilustrado &nbsp; Produto sob encomenda! Prazo de produ\u00e7\u00e3o: 30 dias \u00fateis<\/p>\n","protected":false},"featured_media":6929,"comment_status":"open","ping_status":"closed","template":"","meta":[],"product_brand":[],"product_cat":[18],"product_tag":[],"class_list":{"0":"post-3265","1":"product","2":"type-product","3":"status-publish","4":"has-post-thumbnail","6":"product_cat-motu","8":"first","9":"onbackorder","10":"shipping-taxable","11":"purchasable","12":"product-type-simple"},"_links":{"self":[{"href":"https:\/\/nerddebigode.com.br\/index.php?rest_route=\/wp\/v2\/product\/3265","targetHints":{"allow":["GET"]}}],"collection":[{"href":"https:\/\/nerddebigode.com.br\/index.php?rest_route=\/wp\/v2\/product"}],"about":[{"href":"https:\/\/nerddebigode.com.br\/index.php?rest_route=\/wp\/v2\/types\/product"}],"replies":[{"embeddable":true,"href":"https:\/\/nerddebigode.com.br\/index.php?rest_route=%2Fwp%2Fv2%2Fcomments&post=3265"}],"wp:featuredmedia":[{"embeddable":true,"href":"https:\/\/nerddebigode.com.br\/index.php?rest_route=\/wp\/v2\/media\/6929"}],"wp:attachment":[{"href":"https:\/\/nerddebigode.com.br\/index.php?rest_route=%2Fwp%2Fv2%2Fmedia&parent=3265"}],"wp:term":[{"taxonomy":"product_brand","embeddable":true,"href":"https:\/\/nerddebigode.com.br\/index.php?rest_route=%2Fwp%2Fv2%2Fproduct_brand&post=3265"},{"taxonomy":"product_cat","embeddable":true,"href":"https:\/\/nerddebigode.com.br\/index.php?rest_route=%2Fwp%2Fv2%2Fproduct_cat&post=3265"},{"taxonomy":"product_tag","embeddable":true,"href":"https:\/\/nerddebigode.com.br\/index.php?rest_route=%2Fwp%2Fv2%2Fproduct_tag&post=3265"}],"curies":[{"name":"wp","href":"https:\/\/api.w.org\/{rel}","templated":true}]}}