{"id":289,"date":"2021-04-30T02:24:49","date_gmt":"2021-04-30T02:24:49","guid":{"rendered":"https:\/\/nerddebigode.com.br\/?post_type=product&#038;p=289"},"modified":"2025-10-15T01:29:22","modified_gmt":"2025-10-15T01:29:22","slug":"cripta-mumm-ra","status":"publish","type":"product","link":"https:\/\/nerddebigode.com.br\/?product=cripta-mumm-ra","title":{"rendered":"CRIPTA COMPLETA MUNN-R\u00c1 &#8211; PIR\u00c2MIDE NEGRA"},"content":{"rendered":"<div class=\"wc-block-featured-product__description\">\n<p>Playset Completo composto por:<\/p>\n<p><strong>CRIPTA + BASE + CALDEIR\u00c3O + 4 ESP\u00cdRITOS DO MAL<\/strong><\/p>\n<p>&nbsp;<\/p>\n<p>produzido em:<\/p>\n<p>PLA \u2013 impress\u00e3o<\/p>\n<p>&nbsp;<\/p>\n<p>acabamento:<\/p>\n<p>pintura areia mesclado + detalhes de cores em olhos e imagens do caldeir\u00e3o<\/p>\n<p>&nbsp;<\/p>\n<p>prazo de entrega:<\/p>\n<p>60 (sessenta) dias \u00fateis<\/p>\n<p><strong>PRODU\u00c7\u00c3O SOB ENCOMENDA &#8211; ATUALIZA\u00c7\u00c3O PARA PEDIDOS A PARTIR DE OUTUBRO\/2025<\/strong><\/p>\n<\/div>\n\n    <div class=\"xs_social_share_widget xs_share_url after_content \t\tmain_content  wslu-style-1 wslu-share-box-shaped wslu-fill-colored wslu-none wslu-share-horizontal wslu-theme-font-no wslu-main_content\">\n\n\t\t\n        <ul>\n\t\t\t        <\/ul>\n    <\/div> \n","protected":false},"excerpt":{"rendered":"<p><span dir=\"auto\">A <strong>C\u00e2mara Central<\/strong> que abriga os Antigos Esp\u00edritos do Mal<\/span><span dir=\"auto\">, o\u00a0<strong>Sarc\u00f3fago<\/strong>\u00a0de Mumm-Ra e seu caldeir\u00e3o m\u00e1gico, a pir\u00e2mide tem in\u00fameras c\u00e2maras escondidas, incluindo a C\u00e2mara do Tesouro de Mumm-Ra.<\/span><\/p>\n<p><span dir=\"auto\">Ela faz parte da\u00a0<\/span><b><span dir=\"auto\">Pir\u00e2mide Negra<\/span><\/b><span dir=\"auto\">\u00a0\u00e9 o lar de\u00a0<\/span><span dir=\"auto\">Mumm-Ra<\/span><span dir=\"auto\">\u00a0na\u00a0<\/span><span dir=\"auto\">Terceira Terra<\/span><span dir=\"auto\">\u00a0. Composta por uma pir\u00e2mide central cercada por quatro obeliscos, a Pir\u00e2mide Negra tem sido a resid\u00eancia de Mumm-Ra por s\u00e9culos. Ela est\u00e1 localizada pr\u00f3xima ao\u00a0<\/span><span dir=\"auto\">Deserto das Areias Submersas<\/span><span dir=\"auto\">\u00a0.<\/span><\/p>\n","protected":false},"featured_media":7040,"comment_status":"open","ping_status":"closed","template":"","meta":[],"product_brand":[],"product_cat":[19],"product_tag":[],"class_list":{"0":"post-289","1":"product","2":"type-product","3":"status-publish","4":"has-post-thumbnail","6":"product_cat-thundercats","8":"first","9":"onbackorder","10":"shipping-taxable","11":"purchasable","12":"product-type-simple"},"_links":{"self":[{"href":"https:\/\/nerddebigode.com.br\/index.php?rest_route=\/wp\/v2\/product\/289","targetHints":{"allow":["GET"]}}],"collection":[{"href":"https:\/\/nerddebigode.com.br\/index.php?rest_route=\/wp\/v2\/product"}],"about":[{"href":"https:\/\/nerddebigode.com.br\/index.php?rest_route=\/wp\/v2\/types\/product"}],"replies":[{"embeddable":true,"href":"https:\/\/nerddebigode.com.br\/index.php?rest_route=%2Fwp%2Fv2%2Fcomments&post=289"}],"wp:featuredmedia":[{"embeddable":true,"href":"https:\/\/nerddebigode.com.br\/index.php?rest_route=\/wp\/v2\/media\/7040"}],"wp:attachment":[{"href":"https:\/\/nerddebigode.com.br\/index.php?rest_route=%2Fwp%2Fv2%2Fmedia&parent=289"}],"wp:term":[{"taxonomy":"product_brand","embeddable":true,"href":"https:\/\/nerddebigode.com.br\/index.php?rest_route=%2Fwp%2Fv2%2Fproduct_brand&post=289"},{"taxonomy":"product_cat","embeddable":true,"href":"https:\/\/nerddebigode.com.br\/index.php?rest_route=%2Fwp%2Fv2%2Fproduct_cat&post=289"},{"taxonomy":"product_tag","embeddable":true,"href":"https:\/\/nerddebigode.com.br\/index.php?rest_route=%2Fwp%2Fv2%2Fproduct_tag&post=289"}],"curies":[{"name":"wp","href":"https:\/\/api.w.org\/{rel}","templated":true}]}}